{"id":261,"date":"2025-01-31T16:27:50","date_gmt":"2025-01-31T16:27:50","guid":{"rendered":"https:\/\/aquadrone.trifali.app\/?page_id=261"},"modified":"2025-05-08T14:27:08","modified_gmt":"2025-05-08T14:27:08","slug":"about","status":"publish","type":"page","link":"https:\/\/www.aquadrone.ca\/en\/about\/","title":{"rendered":"About"},"content":{"rendered":"<div data-elementor-type=\"wp-page\" data-elementor-id=\"261\" class=\"elementor elementor-261\">\n\t\t\t\t\t\t<section class=\"elementor-section elementor-top-section elementor-element elementor-element-9d524eb elementor-section-boxed elementor-section-height-default elementor-section-height-default\" data-id=\"9d524eb\" data-element_type=\"section\" data-settings=\"{&quot;background_background&quot;:&quot;classic&quot;}\">\n\t\t\t\t\t\t\t<div class=\"elementor-background-overlay\"><\/div>\n\t\t\t\t\t\t\t<div class=\"elementor-container elementor-column-gap-default\">\n\t\t\t\t\t<div class=\"elementor-column elementor-col-100 elementor-top-column elementor-element elementor-element-53391e40\" data-id=\"53391e40\" data-element_type=\"column\">\n\t\t\t<div class=\"elementor-widget-wrap elementor-element-populated\">\n\t\t\t\t\t\t<section class=\"elementor-section elementor-inner-section elementor-element elementor-element-8096222 elementor-section-boxed elementor-section-height-default elementor-section-height-default\" data-id=\"8096222\" data-element_type=\"section\">\n\t\t\t\t\t\t<div class=\"elementor-container elementor-column-gap-default\">\n\t\t\t\t\t<div class=\"elementor-column elementor-col-100 elementor-inner-column elementor-element elementor-element-279b126e\" data-id=\"279b126e\" data-element_type=\"column\">\n\t\t\t<div class=\"elementor-widget-wrap elementor-element-populated\">\n\t\t\t\t\t\t<div class=\"elementor-element elementor-element-395d88ee elementor-invisible elementor-widget elementor-widget-heading\" data-id=\"395d88ee\" data-element_type=\"widget\" data-settings=\"{&quot;_animation&quot;:&quot;fadeInUp&quot;}\" data-widget_type=\"heading.default\">\n\t\t\t\t<div class=\"elementor-widget-container\">\n\t\t\t\t\t<h2 class=\"elementor-heading-title elementor-size-default\">About<\/h2>\t\t\t\t<\/div>\n\t\t\t\t<\/div>\n\t\t\t\t\t<\/div>\n\t\t<\/div>\n\t\t\t\t\t<\/div>\n\t\t<\/section>\n\t\t\t\t\t<\/div>\n\t\t<\/div>\n\t\t\t\t\t<\/div>\n\t\t<\/section>\n\t\t\t\t<section class=\"elementor-section elementor-top-section elementor-element elementor-element-7a989247 elementor-section-boxed elementor-section-height-default elementor-section-height-default\" data-id=\"7a989247\" data-element_type=\"section\" data-settings=\"{&quot;background_background&quot;:&quot;classic&quot;}\">\n\t\t\t\t\t\t\t<div class=\"elementor-background-overlay\"><\/div>\n\t\t\t\t\t\t\t<div class=\"elementor-container elementor-column-gap-default\">\n\t\t\t\t\t<div class=\"elementor-column elementor-col-50 elementor-top-column elementor-element elementor-element-3807ea78\" data-id=\"3807ea78\" data-element_type=\"column\">\n\t\t\t<div class=\"elementor-widget-wrap elementor-element-populated\">\n\t\t\t\t\t\t<div class=\"elementor-element elementor-element-5b130ea2 elementor-widget elementor-widget-heading\" data-id=\"5b130ea2\" data-element_type=\"widget\" data-widget_type=\"heading.default\">\n\t\t\t\t<div class=\"elementor-widget-container\">\n\t\t\t\t\t<h2 class=\"elementor-heading-title elementor-size-default\">The story of Aquadrone<\/h2>\t\t\t\t<\/div>\n\t\t\t\t<\/div>\n\t\t\t\t<div class=\"elementor-element elementor-element-13d963ce elementor-widget__width-initial elementor-invisible elementor-widget elementor-widget-heading\" data-id=\"13d963ce\" data-element_type=\"widget\" data-settings=\"{&quot;_animation&quot;:&quot;fadeInUp&quot;}\" data-widget_type=\"heading.default\">\n\t\t\t\t<div class=\"elementor-widget-container\">\n\t\t\t\t\t<h2 class=\"elementor-heading-title elementor-size-default\">A passion for the underwater world, an innovative vision!<\/h2>\t\t\t\t<\/div>\n\t\t\t\t<\/div>\n\t\t\t\t<div class=\"elementor-element elementor-element-28e1d1ad elementor-widget elementor-widget-text-editor\" data-id=\"28e1d1ad\" data-element_type=\"widget\" data-widget_type=\"text-editor.default\">\n\t\t\t\t<div class=\"elementor-widget-container\">\n\t\t\t\t\t\t\t\t\t<p>I am Julien Carrier, the founder of Aquadrone, and I am proud to share our story. I had the privilege of growing up in the heart of the oceans, first in Africa, then in Corsica and R\u00e9union Island. My father was a commercial diver and in charge of large maritime projects, and it was in this environment that I developed a love for water and its infrastructure. Diving, freediving, and even spearfishing were daily activities.<\/p><p>With this maritime heritage and a passion for technology (IT and network management), the idea to create Aquadrone came to life. The company was born from a desire to merge my expertise in technology with my deep love for the ocean. But beyond technology, Aquadrone is also a project driven by a personal commitment: to open the doors of entrepreneurship to those living with a disability. <span style=\"font-weight: 400;\">Indeed, I was born with a physical limitation that prevented me from following in my father's footsteps as a commercial diver, but it did not stop me from working in the maritime field. <\/span><span style=\"font-weight: 400;\">My unique journey has pushed me to think differently and take on unique challenges.<\/span><\/p><p>Aquadrone is also the result of a collaboration with my partner, Johannie. Together, we decided to found this company, combining our strengths and skills to create a safe, effective, and accessible underwater inspection and intervention solution.<\/p><p><span style=\"font-weight: 400;\">The story of Aquadrone is just beginning, and with every new wave, we get closer to our vision: revolutionizing the underwater industry while paving the way for an inclusive and innovative future.<\/span><\/p>\t\t\t\t\t\t\t\t<\/div>\n\t\t\t\t<\/div>\n\t\t\t\t\t<\/div>\n\t\t<\/div>\n\t\t\t\t<div class=\"elementor-column elementor-col-50 elementor-top-column elementor-element elementor-element-9c227e4\" data-id=\"9c227e4\" data-element_type=\"column\">\n\t\t\t<div class=\"elementor-widget-wrap elementor-element-populated\">\n\t\t\t\t\t\t<section class=\"elementor-section elementor-inner-section elementor-element elementor-element-3736fac elementor-section-full_width elementor-section-height-default elementor-section-height-default\" data-id=\"3736fac\" data-element_type=\"section\">\n\t\t\t\t\t\t<div class=\"elementor-container elementor-column-gap-default\">\n\t\t\t\t\t<div class=\"elementor-column elementor-col-50 elementor-inner-column elementor-element elementor-element-3a08e1a\" data-id=\"3a08e1a\" data-element_type=\"column\">\n\t\t\t<div class=\"elementor-widget-wrap elementor-element-populated\">\n\t\t\t\t\t\t<div class=\"elementor-element elementor-element-5ea602b elementor-widget elementor-widget-image\" data-id=\"5ea602b\" data-element_type=\"widget\" data-widget_type=\"image.default\">\n\t\t\t\t<div class=\"elementor-widget-container\">\n\t\t\t\t\t\t\t\t\t\t\t\t\t\t\t<img fetchpriority=\"high\" decoding=\"async\" width=\"300\" height=\"202\" src=\"https:\/\/www.aquadrone.ca\/wp-content\/uploads\/2025\/01\/9145f5_cfdac3fd8d19478885adf29b54709e56mv2-300x202.jpg\" class=\"attachment-medium size-medium wp-image-236\" alt=\"\" srcset=\"https:\/\/www.aquadrone.ca\/wp-content\/uploads\/2025\/01\/9145f5_cfdac3fd8d19478885adf29b54709e56mv2-300x202.jpg 300w, https:\/\/www.aquadrone.ca\/wp-content\/uploads\/2025\/01\/9145f5_cfdac3fd8d19478885adf29b54709e56mv2-1024x691.jpg 1024w, https:\/\/www.aquadrone.ca\/wp-content\/uploads\/2025\/01\/9145f5_cfdac3fd8d19478885adf29b54709e56mv2-768x518.jpg 768w, https:\/\/www.aquadrone.ca\/wp-content\/uploads\/2025\/01\/9145f5_cfdac3fd8d19478885adf29b54709e56mv2-e1738274983337.jpg 500w\" sizes=\"(max-width: 300px) 100vw, 300px\" \/>\t\t\t\t\t\t\t\t\t\t\t\t\t\t\t<\/div>\n\t\t\t\t<\/div>\n\t\t\t\t\t<\/div>\n\t\t<\/div>\n\t\t\t\t<div class=\"elementor-column elementor-col-50 elementor-inner-column elementor-element elementor-element-f262380\" data-id=\"f262380\" data-element_type=\"column\">\n\t\t\t<div class=\"elementor-widget-wrap elementor-element-populated\">\n\t\t\t\t\t\t<div class=\"elementor-element elementor-element-1a55bb6 elementor-widget elementor-widget-image\" data-id=\"1a55bb6\" data-element_type=\"widget\" data-widget_type=\"image.default\">\n\t\t\t\t<div class=\"elementor-widget-container\">\n\t\t\t\t\t\t\t\t\t\t\t\t\t\t\t<img decoding=\"async\" width=\"300\" height=\"217\" src=\"https:\/\/www.aquadrone.ca\/wp-content\/uploads\/2025\/04\/daniel-varrier-300x217.jpg\" class=\"attachment-medium size-medium wp-image-796\" alt=\"\" srcset=\"https:\/\/www.aquadrone.ca\/wp-content\/uploads\/2025\/04\/daniel-varrier-300x217.jpg 300w, https:\/\/www.aquadrone.ca\/wp-content\/uploads\/2025\/04\/daniel-varrier-1024x741.jpg 1024w, https:\/\/www.aquadrone.ca\/wp-content\/uploads\/2025\/04\/daniel-varrier-768x556.jpg 768w, https:\/\/www.aquadrone.ca\/wp-content\/uploads\/2025\/04\/daniel-varrier.jpg 1171w\" sizes=\"(max-width: 300px) 100vw, 300px\" \/>\t\t\t\t\t\t\t\t\t\t\t\t\t\t\t<\/div>\n\t\t\t\t<\/div>\n\t\t\t\t\t<\/div>\n\t\t<\/div>\n\t\t\t\t\t<\/div>\n\t\t<\/section>\n\t\t\t\t<section class=\"elementor-section elementor-inner-section elementor-element elementor-element-bf4ccc2 elementor-section-boxed elementor-section-height-default elementor-section-height-default\" data-id=\"bf4ccc2\" data-element_type=\"section\">\n\t\t\t\t\t\t<div class=\"elementor-container elementor-column-gap-default\">\n\t\t\t\t\t<div class=\"elementor-column elementor-col-100 elementor-inner-column elementor-element elementor-element-315c0f7\" data-id=\"315c0f7\" data-element_type=\"column\">\n\t\t\t<div class=\"elementor-widget-wrap elementor-element-populated\">\n\t\t\t\t\t\t<div class=\"elementor-element elementor-element-0692f4b elementor-widget elementor-widget-image\" data-id=\"0692f4b\" data-element_type=\"widget\" data-widget_type=\"image.default\">\n\t\t\t\t<div class=\"elementor-widget-container\">\n\t\t\t\t\t\t\t\t\t\t\t\t<figure class=\"wp-caption\">\n\t\t\t\t\t\t\t\t\t\t<img decoding=\"async\" width=\"499\" height=\"333\" src=\"https:\/\/www.aquadrone.ca\/wp-content\/uploads\/2025\/04\/DROW6318-1-1.jpg\" class=\"attachment-large size-large wp-image-797\" alt=\"\" srcset=\"https:\/\/www.aquadrone.ca\/wp-content\/uploads\/2025\/04\/DROW6318-1-1.jpg 499w, https:\/\/www.aquadrone.ca\/wp-content\/uploads\/2025\/04\/DROW6318-1-1-300x200.jpg 300w\" sizes=\"(max-width: 499px) 100vw, 499px\" \/>\t\t\t\t\t\t\t\t\t\t\t<figcaption class=\"widget-image-caption wp-caption-text\">Photo credit: <b>Drowster<\/b><\/figcaption>\n\t\t\t\t\t\t\t\t\t\t<\/figure>\n\t\t\t\t\t\t\t\t\t<\/div>\n\t\t\t\t<\/div>\n\t\t\t\t\t<\/div>\n\t\t<\/div>\n\t\t\t\t\t<\/div>\n\t\t<\/section>\n\t\t\t\t\t<\/div>\n\t\t<\/div>\n\t\t\t\t\t<\/div>\n\t\t<\/section>\n\t\t\t\t<section class=\"elementor-section elementor-top-section elementor-element elementor-element-5dcd7909 elementor-section-boxed elementor-section-height-default elementor-section-height-default\" data-id=\"5dcd7909\" data-element_type=\"section\" data-settings=\"{&quot;background_background&quot;:&quot;classic&quot;}\">\n\t\t\t\t\t\t\t<div class=\"elementor-background-overlay\"><\/div>\n\t\t\t\t\t\t\t<div class=\"elementor-container elementor-column-gap-default\">\n\t\t\t\t\t<div class=\"elementor-column elementor-col-100 elementor-top-column elementor-element elementor-element-416f34ed\" data-id=\"416f34ed\" data-element_type=\"column\">\n\t\t\t<div class=\"elementor-widget-wrap elementor-element-populated\">\n\t\t\t\t\t\t<div class=\"elementor-element elementor-element-d56ebce elementor-widget elementor-widget-heading\" data-id=\"d56ebce\" data-element_type=\"widget\" data-widget_type=\"heading.default\">\n\t\t\t\t<div class=\"elementor-widget-container\">\n\t\t\t\t\t<h2 class=\"elementor-heading-title elementor-size-default\">Timeline<\/h2>\t\t\t\t<\/div>\n\t\t\t\t<\/div>\n\t\t\t\t<div class=\"elementor-element elementor-element-23245221 elementor-invisible elementor-widget elementor-widget-heading\" data-id=\"23245221\" data-element_type=\"widget\" data-settings=\"{&quot;_animation&quot;:&quot;fadeInUp&quot;}\" data-widget_type=\"heading.default\">\n\t\t\t\t<div class=\"elementor-widget-container\">\n\t\t\t\t\t<h2 class=\"elementor-heading-title elementor-size-default\">Aquadrone, rapidly expanding<\/h2>\t\t\t\t<\/div>\n\t\t\t\t<\/div>\n\t\t\t\t<div class=\"elementor-element elementor-element-1850c7c elementor-widget elementor-widget-timeline-widget-addon\" data-id=\"1850c7c\" data-element_type=\"widget\" data-widget_type=\"timeline-widget-addon.default\">\n\t\t\t\t<div class=\"elementor-widget-container\">\n\t\t\t\t\t<!-- ========= Timeline Widget Addon For Elementor 1.6.6 ========= -->\n<div id=\"twae-wrapper-1850c7c\" class=\"twae-vertical twae-wrapper  twae-both-sided\">   \n    <div class=\"twae-start\"><\/div>    \n    <div id=\"twea-timeline-1850c7c\" class=\"twae-timeline\" ><!-- Start of Story Repeater Content --><div id=\"story-2925719\" class=\"twae-story twae-repeater-item twae-story-right twae-story-no-icon\"><!-- Story Label --><div class=\"twae-labels\"><div class=\"twae-label-big\">2025<\/div><\/div><!-- Story Icon --><div class=\"twae-icon\"><i aria-hidden=\"true\" class=\"far fa-clock\"><\/i><\/div><!-- Story Arrow --><div class=\"twae-arrow\"><\/div><!-- Start of Story Content --><div class=\"twae-content\"><!-- Story Description --><div class=\"twae-description\"><p><span style=\"font-weight: 400\">Aquadrone is joining the open innovation program of 2 Degr\u00e9s and the Port of Quebec to develop specialized tools that will be adapted for remotely operated vehicles.<\/span><\/p><p style=\"text-align: right\"><img loading=\"lazy\" decoding=\"async\" class=\"wp-image-367 size-full\" src=\"https:\/\/aquadrone.trifali.app\/wp-content\/uploads\/2025\/01\/DROW7413_MISSION-HORIZON-GLACE-scaled-e1738346060288.jpg\" alt=\"\" width=\"700\" height=\"467\" \/><br \/>Photo credit: <em><span style=\"font-family: -apple-system, BlinkMacSystemFont, 'Segoe UI', Roboto, 'Helvetica Neue', Arial, 'Noto Sans', sans-serif, 'Apple Color Emoji', 'Segoe UI Emoji', 'Segoe UI Symbol', 'Noto Color Emoji';font-size: 16px\"><strong>Drowster<\/strong><\/span><\/em><\/p><p><span style=\"font-weight: 400\">Creation of a new logo.<\/span><\/p><p><img loading=\"lazy\" decoding=\"async\" class=\"alignnone wp-image-691\" src=\"https:\/\/aquadrone.trifali.app\/wp-content\/uploads\/2025\/01\/2025_03-NEW_Logo_Aquadrone-1-1-300x187.png\" alt=\"\" width=\"134\" height=\"84\" srcset=\"https:\/\/www.aquadrone.ca\/wp-content\/uploads\/2025\/01\/2025_03-NEW_Logo_Aquadrone-1-1-300x187.png 300w, https:\/\/www.aquadrone.ca\/wp-content\/uploads\/2025\/01\/2025_03-NEW_Logo_Aquadrone-1-1.png 500w\" sizes=\"(max-width: 134px) 100vw, 134px\" \/><\/p><\/div><\/div><\/div><!-- Start of Story Repeater Content --><div id=\"story-530ae40\" class=\"twae-story twae-repeater-item twae-story-left twae-story-no-icon\"><!-- Story Label --><div class=\"twae-labels\"><div class=\"twae-label-big\">2024<\/div><\/div><!-- Story Icon --><div class=\"twae-icon\"><i aria-hidden=\"true\" class=\"far fa-clock\"><\/i><\/div><!-- Story Arrow --><div class=\"twae-arrow\"><\/div><!-- Start of Story Content --><div class=\"twae-content\"><!-- Story Description --><div class=\"twae-description\"><p><span style=\"font-weight: 400\">Aquadrone is participating in the Mission Horizon Glac\u00e9 du R\u00e9seau Qu\u00e9bec Maritime, in collaboration with the Canadian Coast Guard.<\/span><\/p><p><img loading=\"lazy\" decoding=\"async\" class=\"aligncenter wp-image-366 size-full\" src=\"https:\/\/aquadrone.trifali.app\/wp-content\/uploads\/2025\/01\/Mission-horizon-glace-amundsen-e1738345917421.png\" alt=\"\" width=\"700\" height=\"334\" \/><\/p><p><span style=\"font-weight: 400\">Inauguration of our mobile intervention unit, an essential tool for rapid response in the field.<\/span><\/p><p><img loading=\"lazy\" decoding=\"async\" class=\"alignnone wp-image-814 size-medium\" src=\"https:\/\/aquadrone.trifali.app\/wp-content\/uploads\/2025\/04\/remorque-ext2-1-1-300x246.png\" alt=\"\" width=\"300\" height=\"246\" srcset=\"https:\/\/www.aquadrone.ca\/wp-content\/uploads\/2025\/04\/remorque-ext2-1-1-300x246.png 300w, https:\/\/www.aquadrone.ca\/wp-content\/uploads\/2025\/04\/remorque-ext2-1-1.png 700w\" sizes=\"(max-width: 300px) 100vw, 300px\" \/><\/p><p><span style=\"font-weight: 400\">Local Laureate for Mont\u00e9r\u00e9gie in the J\u2019osentreprendre Challenge, in the category <\/span><\/p><p><span style=\"font-weight: 400\">\"Business Services\".<\/span><\/p><p><img loading=\"lazy\" decoding=\"async\" class=\"alignnone wp-image-815 size-thumbnail\" src=\"https:\/\/aquadrone.trifali.app\/wp-content\/uploads\/2025\/04\/2023-24-DCfi-OSEntreprendre-Sceau-LaurCat-local-2024_Coul-VF-150x150.png\" alt=\"\" width=\"150\" height=\"150\" srcset=\"https:\/\/www.aquadrone.ca\/wp-content\/uploads\/2025\/04\/2023-24-DCfi-OSEntreprendre-Sceau-LaurCat-local-2024_Coul-VF-150x150.png 150w, https:\/\/www.aquadrone.ca\/wp-content\/uploads\/2025\/04\/2023-24-DCfi-OSEntreprendre-Sceau-LaurCat-local-2024_Coul-VF-300x300.png 300w, https:\/\/www.aquadrone.ca\/wp-content\/uploads\/2025\/04\/2023-24-DCfi-OSEntreprendre-Sceau-LaurCat-local-2024_Coul-VF-1024x1024.png 1024w, https:\/\/www.aquadrone.ca\/wp-content\/uploads\/2025\/04\/2023-24-DCfi-OSEntreprendre-Sceau-LaurCat-local-2024_Coul-VF-768x768.png 768w, https:\/\/www.aquadrone.ca\/wp-content\/uploads\/2025\/04\/2023-24-DCfi-OSEntreprendre-Sceau-LaurCat-local-2024_Coul-VF.png 1230w\" sizes=\"(max-width: 150px) 100vw, 150px\" \/><\/p><p><span style=\"font-weight: 400\">Creation of our customized training programs for ROV operators.<\/span><\/p><\/div><\/div><\/div><!-- Start of Story Repeater Content --><div id=\"story-df57cb3\" class=\"twae-story twae-repeater-item twae-story-right twae-story-no-icon\"><!-- Story Label --><div class=\"twae-labels\"><div class=\"twae-label-big\">2023<\/div><\/div><!-- Story Icon --><div class=\"twae-icon\"><i aria-hidden=\"true\" class=\"far fa-clock\"><\/i><\/div><!-- Story Arrow --><div class=\"twae-arrow\"><\/div><!-- Start of Story Content --><div class=\"twae-content\"><!-- Story Description --><div class=\"twae-description\"><p><span style=\"font-weight: 400\">Aquadrone is participating in the Futuroc\u00e9an 2023 event in Rimouski.<\/span><\/p><p><img loading=\"lazy\" decoding=\"async\" class=\"wp-image-362 size-full aligncenter\" src=\"https:\/\/aquadrone.trifali.app\/wp-content\/uploads\/2025\/01\/FUTUROCEAN-2023.jpg\" alt=\"\" width=\"1024\" height=\"768\" srcset=\"https:\/\/www.aquadrone.ca\/wp-content\/uploads\/2025\/01\/FUTUROCEAN-2023.jpg 1024w, https:\/\/www.aquadrone.ca\/wp-content\/uploads\/2025\/01\/FUTUROCEAN-2023-300x225.jpg 300w, https:\/\/www.aquadrone.ca\/wp-content\/uploads\/2025\/01\/FUTUROCEAN-2023-768x576.jpg 768w\" sizes=\"(max-width: 1024px) 100vw, 1024px\" \/><\/p><p><span style=\"font-weight: 400\">Completion of our first inspections.<\/span><\/p><p><img loading=\"lazy\" decoding=\"async\" class=\"wp-image-819 size-full aligncenter\" src=\"https:\/\/aquadrone.trifali.app\/wp-content\/uploads\/2025\/04\/2024-08-20_10-40-57_DEEP_TREKKER-1-1.jpg\" alt=\"\" width=\"700\" height=\"394\" srcset=\"https:\/\/www.aquadrone.ca\/wp-content\/uploads\/2025\/04\/2024-08-20_10-40-57_DEEP_TREKKER-1-1.jpg 700w, https:\/\/www.aquadrone.ca\/wp-content\/uploads\/2025\/04\/2024-08-20_10-40-57_DEEP_TREKKER-1-1-300x169.jpg 300w\" sizes=\"(max-width: 700px) 100vw, 700px\" \/><\/p><\/div><\/div><\/div><!-- Start of Story Repeater Content --><div id=\"story-e9d1c95\" class=\"twae-story twae-repeater-item twae-story-left twae-story-no-icon\"><!-- Story Label --><div class=\"twae-labels\"><div class=\"twae-label-big\">2022<\/div><\/div><!-- Story Icon --><div class=\"twae-icon\"><i aria-hidden=\"true\" class=\"far fa-clock\"><\/i><\/div><!-- Story Arrow --><div class=\"twae-arrow\"><\/div><!-- Start of Story Content --><div class=\"twae-content\"><!-- Story Title --><div class=\"twae-title\">Beginning<\/div><!-- Story Description --><div class=\"twae-description\"><p><span style=\"font-weight: 400\">Creation of Aquadrone<\/span><span style=\"font-weight: 400\">, wiht a clear objectif : revolutionizing <\/span><span style=\"font-weight: 400\">underwater inspections and interventions <\/span><span style=\"font-weight: 400\">in Quebec and beyond.<\/span><\/p><p><img loading=\"lazy\" decoding=\"async\" class=\"wp-image-103 aligncenter\" src=\"https:\/\/aquadrone.trifali.app\/wp-content\/uploads\/2025\/01\/Aquadrone-logo-solo-MASTER-OLD-300x281.png\" alt=\"\" width=\"121\" height=\"113\" \/><\/p><\/div><\/div><\/div><\/div>\n    <div class=\"twae-end\"><\/div>\n    <\/div><style type=\"text\/css\">@media (max-width: 1024px){ .twae-wrapper{--tw-ybx-size: 80px !important;}}@media (max-width: 767px){ .twae-wrapper{--tw-ybx-size: 80px !important}}<\/style>\t\t\t\t<\/div>\n\t\t\t\t<\/div>\n\t\t\t\t\t<\/div>\n\t\t<\/div>\n\t\t\t\t\t<\/div>\n\t\t<\/section>\n\t\t\t\t<section class=\"elementor-section elementor-top-section elementor-element elementor-element-7a63ef19 elementor-section-boxed elementor-section-height-default elementor-section-height-default\" data-id=\"7a63ef19\" data-element_type=\"section\" data-settings=\"{&quot;background_background&quot;:&quot;classic&quot;}\">\n\t\t\t\t\t\t\t<div class=\"elementor-background-overlay\"><\/div>\n\t\t\t\t\t\t\t<div class=\"elementor-container elementor-column-gap-default\">\n\t\t\t\t\t<div class=\"elementor-column elementor-col-100 elementor-top-column elementor-element elementor-element-69cc0709\" data-id=\"69cc0709\" data-element_type=\"column\" data-settings=\"{&quot;animation&quot;:&quot;none&quot;}\">\n\t\t\t<div class=\"elementor-widget-wrap elementor-element-populated\">\n\t\t\t\t\t\t<div class=\"elementor-element elementor-element-6886456 elementor-widget elementor-widget-heading\" data-id=\"6886456\" data-element_type=\"widget\" data-widget_type=\"heading.default\">\n\t\t\t\t<div class=\"elementor-widget-container\">\n\t\t\t\t\t<h2 class=\"elementor-heading-title elementor-size-default\">Our Mission<\/h2>\t\t\t\t<\/div>\n\t\t\t\t<\/div>\n\t\t\t\t<div class=\"elementor-element elementor-element-c355bcb elementor-widget elementor-widget-heading\" data-id=\"c355bcb\" data-element_type=\"widget\" data-widget_type=\"heading.default\">\n\t\t\t\t<div class=\"elementor-widget-container\">\n\t\t\t\t\t<h2 class=\"elementor-heading-title elementor-size-default\">Redefining Underwater Inspection<\/h2>\t\t\t\t<\/div>\n\t\t\t\t<\/div>\n\t\t\t\t<div class=\"elementor-element elementor-element-5287c7ba elementor-widget elementor-widget-text-editor\" data-id=\"5287c7ba\" data-element_type=\"widget\" data-widget_type=\"text-editor.default\">\n\t\t\t\t<div class=\"elementor-widget-container\">\n\t\t\t\t\t\t\t\t\t<p><span style=\"font-weight: 400;\">Safer, more efficient, and more accessible: our solutions redefine industry standards by combining cutting-edge technology and reliability.<\/span><\/p><p><span style=\"font-weight: 400;\">Thanks to ROVs, access to difficult areas is achieved without compromising the safety of personnel. Equipped with high-resolution cameras and a real-time video feedback system, they allow your teams to instantly analyze data and make quick, informed decisions.<\/span><\/p><p><b>Aquadrone guarantees a secure and high-performance underwater inspection, tailored to a wide range of sectors and users.<\/b><\/p>\t\t\t\t\t\t\t\t<\/div>\n\t\t\t\t<\/div>\n\t\t\t\t<div class=\"elementor-element elementor-element-112b2e57 elementor-align-center elementor-widget elementor-widget-button\" data-id=\"112b2e57\" data-element_type=\"widget\" data-widget_type=\"button.default\">\n\t\t\t\t<div class=\"elementor-widget-container\">\n\t\t\t\t\t\t\t\t\t<div class=\"elementor-button-wrapper\">\n\t\t\t\t\t<a class=\"elementor-button elementor-button-link elementor-size-md\" href=\"\/en\/contact\/\">\n\t\t\t\t\t\t<span class=\"elementor-button-content-wrapper\">\n\t\t\t\t\t\t\t\t\t<span class=\"elementor-button-text\">Contact us<\/span>\n\t\t\t\t\t<\/span>\n\t\t\t\t\t<\/a>\n\t\t\t\t<\/div>\n\t\t\t\t\t\t\t\t<\/div>\n\t\t\t\t<\/div>\n\t\t\t\t\t<\/div>\n\t\t<\/div>\n\t\t\t\t\t<\/div>\n\t\t<\/section>\n\t\t\t\t<\/div>","protected":false},"excerpt":{"rendered":"<p>\u00c0 Propos L\u2019histoire d&rsquo;Aquadrone Une passion sous-marine, une vision innovante! Je suis Julien Carrier, fondateur d\u2019Aquadrone, et c\u2019est avec une grande fiert\u00e9 que je vous raconte notre histoire. J&rsquo;ai eu la chance de grandir au c\u0153ur des oc\u00e9ans, d&rsquo;abord en Afrique, puis en Corse et \u00e0 l&rsquo;\u00eele de la R\u00e9union. Mon p\u00e8re \u00e9tait scaphandrier et [&hellip;]<\/p>","protected":false},"author":1,"featured_media":0,"parent":0,"menu_order":0,"comment_status":"closed","ping_status":"closed","template":"","meta":{"footnotes":""},"class_list":["post-261","page","type-page","status-publish","hentry"],"_links":{"self":[{"href":"https:\/\/www.aquadrone.ca\/en\/wp-json\/wp\/v2\/pages\/261","targetHints":{"allow":["GET"]}}],"collection":[{"href":"https:\/\/www.aquadrone.ca\/en\/wp-json\/wp\/v2\/pages"}],"about":[{"href":"https:\/\/www.aquadrone.ca\/en\/wp-json\/wp\/v2\/types\/page"}],"author":[{"embeddable":true,"href":"https:\/\/www.aquadrone.ca\/en\/wp-json\/wp\/v2\/users\/1"}],"replies":[{"embeddable":true,"href":"https:\/\/www.aquadrone.ca\/en\/wp-json\/wp\/v2\/comments?post=261"}],"version-history":[{"count":199,"href":"https:\/\/www.aquadrone.ca\/en\/wp-json\/wp\/v2\/pages\/261\/revisions"}],"predecessor-version":[{"id":1305,"href":"https:\/\/www.aquadrone.ca\/en\/wp-json\/wp\/v2\/pages\/261\/revisions\/1305"}],"wp:attachment":[{"href":"https:\/\/www.aquadrone.ca\/en\/wp-json\/wp\/v2\/media?parent=261"}],"curies":[{"name":"wp","href":"https:\/\/api.w.org\/{rel}","templated":true}]}}